{"id":13,"date":"2021-03-03T17:18:56","date_gmt":"2021-03-03T14:18:56","guid":{"rendered":"http:\/\/farktekpaslanmaz.com\/?page_id=13"},"modified":"2021-03-05T00:21:00","modified_gmt":"2021-03-04T21:21:00","slug":"urunlerimiz","status":"publish","type":"page","link":"http:\/\/farktekpaslanmaz.com\/index.php\/urunlerimiz\/","title":{"rendered":"\u00dcr\u00fcnlerimiz"},"content":{"rendered":"<div id=\"pl-13\"  class=\"panel-layout\" ><div id=\"pg-13-0\"  class=\"panel-grid panel-no-style\" ><div id=\"pgc-13-0-0\"  class=\"panel-grid-cell\" ><div id=\"panel-13-0-0-0\" class=\"so-panel widget widget_sow-editor panel-first-child panel-last-child\" data-index=\"0\" ><div class=\"so-widget-sow-editor so-widget-sow-editor-base\">\n<div class=\"siteorigin-widget-tinymce textwidget\">\n\t<div id='gallery-1' class='gallery galleryid-13 gallery-columns-4 gallery-size-medium'><figure class='gallery-item'>\n\t\t\t<div class='gallery-icon landscape'>\n\t\t\t\t<a href='http:\/\/farktekpaslanmaz.com\/wp-content\/uploads\/2021\/03\/arac\u0327-u\u0308stu\u0308-izoleli-su\u0308t-tas\u0327ima-tanklari.png'><img width=\"300\" height=\"225\" src=\"http:\/\/farktekpaslanmaz.com\/wp-content\/uploads\/2021\/03\/arac\u0327-u\u0308stu\u0308-izoleli-su\u0308t-tas\u0327ima-tanklari-300x225.png\" class=\"attachment-medium size-medium\" alt=\"\" loading=\"lazy\" aria-describedby=\"gallery-1-53\" srcset=\"http:\/\/farktekpaslanmaz.com\/wp-content\/uploads\/2021\/03\/arac\u0327-u\u0308stu\u0308-izoleli-su\u0308t-tas\u0327ima-tanklari-300x225.png 300w, http:\/\/farktekpaslanmaz.com\/wp-content\/uploads\/2021\/03\/arac\u0327-u\u0308stu\u0308-izoleli-su\u0308t-tas\u0327ima-tanklari-1024x768.png 1024w, http:\/\/farktekpaslanmaz.com\/wp-content\/uploads\/2021\/03\/arac\u0327-u\u0308stu\u0308-izoleli-su\u0308t-tas\u0327ima-tanklari-768x576.png 768w, http:\/\/farktekpaslanmaz.com\/wp-content\/uploads\/2021\/03\/arac\u0327-u\u0308stu\u0308-izoleli-su\u0308t-tas\u0327ima-tanklari.png 1200w\" sizes=\"(max-width: 300px) 100vw, 300px\" \/><\/a>\n\t\t\t<\/div>\n\t\t\t\t<figcaption class='wp-caption-text gallery-caption' id='gallery-1-53'>\n\t\t\t\tArac\u0327 \u00dcstu\u0308 \u0130zoleli Su\u0308t Tas\u0327\u0131ma Tanklar\u0131\n\t\t\t\t<\/figcaption><\/figure><figure class='gallery-item'>\n\t\t\t<div class='gallery-icon landscape'>\n\t\t\t\t<a href='http:\/\/farktekpaslanmaz.com\/wp-content\/uploads\/2021\/03\/lor-proses-tanki.png'><img width=\"300\" height=\"184\" src=\"http:\/\/farktekpaslanmaz.com\/wp-content\/uploads\/2021\/03\/lor-proses-tanki-300x184.png\" class=\"attachment-medium size-medium\" alt=\"\" loading=\"lazy\" aria-describedby=\"gallery-1-57\" srcset=\"http:\/\/farktekpaslanmaz.com\/wp-content\/uploads\/2021\/03\/lor-proses-tanki-300x184.png 300w, http:\/\/farktekpaslanmaz.com\/wp-content\/uploads\/2021\/03\/lor-proses-tanki-1024x626.png 1024w, http:\/\/farktekpaslanmaz.com\/wp-content\/uploads\/2021\/03\/lor-proses-tanki-768x470.png 768w, http:\/\/farktekpaslanmaz.com\/wp-content\/uploads\/2021\/03\/lor-proses-tanki.png 1200w\" sizes=\"(max-width: 300px) 100vw, 300px\" \/><\/a>\n\t\t\t<\/div>\n\t\t\t\t<figcaption class='wp-caption-text gallery-caption' id='gallery-1-57'>\n\t\t\t\tLor Proses Tank\u0131\n\t\t\t\t<\/figcaption><\/figure><figure class='gallery-item'>\n\t\t\t<div class='gallery-icon landscape'>\n\t\t\t\t<a href='http:\/\/farktekpaslanmaz.com\/wp-content\/uploads\/2021\/03\/cip-sistemi.png'><img width=\"300\" height=\"225\" src=\"http:\/\/farktekpaslanmaz.com\/wp-content\/uploads\/2021\/03\/cip-sistemi-300x225.png\" class=\"attachment-medium size-medium\" alt=\"\" loading=\"lazy\" aria-describedby=\"gallery-1-56\" srcset=\"http:\/\/farktekpaslanmaz.com\/wp-content\/uploads\/2021\/03\/cip-sistemi-300x225.png 300w, http:\/\/farktekpaslanmaz.com\/wp-content\/uploads\/2021\/03\/cip-sistemi-1024x768.png 1024w, http:\/\/farktekpaslanmaz.com\/wp-content\/uploads\/2021\/03\/cip-sistemi-768x576.png 768w, http:\/\/farktekpaslanmaz.com\/wp-content\/uploads\/2021\/03\/cip-sistemi.png 1200w\" sizes=\"(max-width: 300px) 100vw, 300px\" \/><\/a>\n\t\t\t<\/div>\n\t\t\t\t<figcaption class='wp-caption-text gallery-caption' id='gallery-1-56'>\n\t\t\t\t\u00c7ip Sistemi\n\t\t\t\t<\/figcaption><\/figure><figure class='gallery-item'>\n\t\t\t<div class='gallery-icon landscape'>\n\t\t\t\t<a href='http:\/\/farktekpaslanmaz.com\/wp-content\/uploads\/2021\/03\/su\u0308t-pis\u0327irme-kazani.png'><img width=\"300\" height=\"265\" src=\"http:\/\/farktekpaslanmaz.com\/wp-content\/uploads\/2021\/03\/su\u0308t-pis\u0327irme-kazani-300x265.png\" class=\"attachment-medium size-medium\" alt=\"\" loading=\"lazy\" aria-describedby=\"gallery-1-61\" srcset=\"http:\/\/farktekpaslanmaz.com\/wp-content\/uploads\/2021\/03\/su\u0308t-pis\u0327irme-kazani-300x265.png 300w, http:\/\/farktekpaslanmaz.com\/wp-content\/uploads\/2021\/03\/su\u0308t-pis\u0327irme-kazani-768x678.png 768w, http:\/\/farktekpaslanmaz.com\/wp-content\/uploads\/2021\/03\/su\u0308t-pis\u0327irme-kazani.png 889w\" sizes=\"(max-width: 300px) 100vw, 300px\" \/><\/a>\n\t\t\t<\/div>\n\t\t\t\t<figcaption class='wp-caption-text gallery-caption' id='gallery-1-61'>\n\t\t\t\tSu\u0308t Pis\u0327irme Kazan\u0131\n\t\t\t\t<\/figcaption><\/figure><figure class='gallery-item'>\n\t\t\t<div class='gallery-icon portrait'>\n\t\t\t\t<a href='http:\/\/farktekpaslanmaz.com\/wp-content\/uploads\/2021\/03\/salc\u0327a-pastorize-tanki.png'><img width=\"242\" height=\"300\" src=\"http:\/\/farktekpaslanmaz.com\/wp-content\/uploads\/2021\/03\/salc\u0327a-pastorize-tanki-242x300.png\" class=\"attachment-medium size-medium\" alt=\"\" loading=\"lazy\" aria-describedby=\"gallery-1-59\" srcset=\"http:\/\/farktekpaslanmaz.com\/wp-content\/uploads\/2021\/03\/salc\u0327a-pastorize-tanki-242x300.png 242w, http:\/\/farktekpaslanmaz.com\/wp-content\/uploads\/2021\/03\/salc\u0327a-pastorize-tanki-826x1024.png 826w, http:\/\/farktekpaslanmaz.com\/wp-content\/uploads\/2021\/03\/salc\u0327a-pastorize-tanki-768x952.png 768w, http:\/\/farktekpaslanmaz.com\/wp-content\/uploads\/2021\/03\/salc\u0327a-pastorize-tanki.png 968w\" sizes=\"(max-width: 242px) 100vw, 242px\" \/><\/a>\n\t\t\t<\/div>\n\t\t\t\t<figcaption class='wp-caption-text gallery-caption' id='gallery-1-59'>\n\t\t\t\tSalc\u0327a Pastorize Tank\u0131\n\t\t\t\t<\/figcaption><\/figure><figure class='gallery-item'>\n\t\t\t<div class='gallery-icon portrait'>\n\t\t\t\t<a href='http:\/\/farktekpaslanmaz.com\/wp-content\/uploads\/2021\/03\/ay-c\u0327ic\u0327ek-stok-tanki.png'><img width=\"225\" height=\"300\" src=\"http:\/\/farktekpaslanmaz.com\/wp-content\/uploads\/2021\/03\/ay-c\u0327ic\u0327ek-stok-tanki-225x300.png\" class=\"attachment-medium size-medium\" alt=\"\" loading=\"lazy\" aria-describedby=\"gallery-1-54\" srcset=\"http:\/\/farktekpaslanmaz.com\/wp-content\/uploads\/2021\/03\/ay-c\u0327ic\u0327ek-stok-tanki-225x300.png 225w, http:\/\/farktekpaslanmaz.com\/wp-content\/uploads\/2021\/03\/ay-c\u0327ic\u0327ek-stok-tanki-769x1024.png 769w, http:\/\/farktekpaslanmaz.com\/wp-content\/uploads\/2021\/03\/ay-c\u0327ic\u0327ek-stok-tanki-768x1023.png 768w, http:\/\/farktekpaslanmaz.com\/wp-content\/uploads\/2021\/03\/ay-c\u0327ic\u0327ek-stok-tanki.png 901w\" sizes=\"(max-width: 225px) 100vw, 225px\" \/><\/a>\n\t\t\t<\/div>\n\t\t\t\t<figcaption class='wp-caption-text gallery-caption' id='gallery-1-54'>\n\t\t\t\tAy \u00c7ic\u0327ek Stok Tank\u0131\n\t\t\t\t<\/figcaption><\/figure><figure class='gallery-item'>\n\t\t\t<div class='gallery-icon portrait'>\n\t\t\t\t<a href='http:\/\/farktekpaslanmaz.com\/wp-content\/uploads\/2021\/03\/pekmez-stok-tanki.png'><img width=\"252\" height=\"300\" src=\"http:\/\/farktekpaslanmaz.com\/wp-content\/uploads\/2021\/03\/pekmez-stok-tanki-252x300.png\" class=\"attachment-medium size-medium\" alt=\"\" loading=\"lazy\" aria-describedby=\"gallery-1-58\" srcset=\"http:\/\/farktekpaslanmaz.com\/wp-content\/uploads\/2021\/03\/pekmez-stok-tanki-252x300.png 252w, http:\/\/farktekpaslanmaz.com\/wp-content\/uploads\/2021\/03\/pekmez-stok-tanki-860x1024.png 860w, http:\/\/farktekpaslanmaz.com\/wp-content\/uploads\/2021\/03\/pekmez-stok-tanki-768x914.png 768w, http:\/\/farktekpaslanmaz.com\/wp-content\/uploads\/2021\/03\/pekmez-stok-tanki.png 1008w\" sizes=\"(max-width: 252px) 100vw, 252px\" \/><\/a>\n\t\t\t<\/div>\n\t\t\t\t<figcaption class='wp-caption-text gallery-caption' id='gallery-1-58'>\n\t\t\t\tPekmez Stok Tank\u0131\n\t\t\t\t<\/figcaption><\/figure><figure class='gallery-item'>\n\t\t\t<div class='gallery-icon portrait'>\n\t\t\t\t<a href='http:\/\/farktekpaslanmaz.com\/wp-content\/uploads\/2021\/03\/sog\u0306uk-su\u0308t-depolama-tanki.png'><img width=\"225\" height=\"300\" src=\"http:\/\/farktekpaslanmaz.com\/wp-content\/uploads\/2021\/03\/sog\u0306uk-su\u0308t-depolama-tanki-225x300.png\" class=\"attachment-medium size-medium\" alt=\"\" loading=\"lazy\" aria-describedby=\"gallery-1-60\" srcset=\"http:\/\/farktekpaslanmaz.com\/wp-content\/uploads\/2021\/03\/sog\u0306uk-su\u0308t-depolama-tanki-225x300.png 225w, http:\/\/farktekpaslanmaz.com\/wp-content\/uploads\/2021\/03\/sog\u0306uk-su\u0308t-depolama-tanki-769x1024.png 769w, http:\/\/farktekpaslanmaz.com\/wp-content\/uploads\/2021\/03\/sog\u0306uk-su\u0308t-depolama-tanki-768x1023.png 768w, http:\/\/farktekpaslanmaz.com\/wp-content\/uploads\/2021\/03\/sog\u0306uk-su\u0308t-depolama-tanki.png 901w\" sizes=\"(max-width: 225px) 100vw, 225px\" \/><\/a>\n\t\t\t<\/div>\n\t\t\t\t<figcaption class='wp-caption-text gallery-caption' id='gallery-1-60'>\n\t\t\t\tSog\u0306uk Su\u0308t Depolama Tank\u0131\n\t\t\t\t<\/figcaption><\/figure><figure class='gallery-item'>\n\t\t\t<div class='gallery-icon landscape'>\n\t\t\t\t<a href='http:\/\/farktekpaslanmaz.com\/wp-content\/uploads\/2021\/03\/ayran-proses-tanki-1.png'><img width=\"300\" height=\"225\" src=\"http:\/\/farktekpaslanmaz.com\/wp-content\/uploads\/2021\/03\/ayran-proses-tanki-1-300x225.png\" class=\"attachment-medium size-medium\" alt=\"\" loading=\"lazy\" aria-describedby=\"gallery-1-55\" srcset=\"http:\/\/farktekpaslanmaz.com\/wp-content\/uploads\/2021\/03\/ayran-proses-tanki-1-300x225.png 300w, http:\/\/farktekpaslanmaz.com\/wp-content\/uploads\/2021\/03\/ayran-proses-tanki-1-768x576.png 768w, http:\/\/farktekpaslanmaz.com\/wp-content\/uploads\/2021\/03\/ayran-proses-tanki-1.png 1000w\" sizes=\"(max-width: 300px) 100vw, 300px\" \/><\/a>\n\t\t\t<\/div>\n\t\t\t\t<figcaption class='wp-caption-text gallery-caption' id='gallery-1-55'>\n\t\t\t\tAyran Proses Tank\u0131\n\t\t\t\t<\/figcaption><\/figure><figure class='gallery-item'>\n\t\t\t<div class='gallery-icon portrait'>\n\t\t\t\t<a href='http:\/\/farktekpaslanmaz.com\/wp-content\/uploads\/2021\/03\/zeytin-yag\u0306i-depolama-tanki.png'><img width=\"288\" height=\"300\" src=\"http:\/\/farktekpaslanmaz.com\/wp-content\/uploads\/2021\/03\/zeytin-yag\u0306i-depolama-tanki-288x300.png\" class=\"attachment-medium size-medium\" alt=\"\" loading=\"lazy\" aria-describedby=\"gallery-1-62\" srcset=\"http:\/\/farktekpaslanmaz.com\/wp-content\/uploads\/2021\/03\/zeytin-yag\u0306i-depolama-tanki-288x300.png 288w, http:\/\/farktekpaslanmaz.com\/wp-content\/uploads\/2021\/03\/zeytin-yag\u0306i-depolama-tanki-985x1024.png 985w, http:\/\/farktekpaslanmaz.com\/wp-content\/uploads\/2021\/03\/zeytin-yag\u0306i-depolama-tanki-768x799.png 768w, http:\/\/farktekpaslanmaz.com\/wp-content\/uploads\/2021\/03\/zeytin-yag\u0306i-depolama-tanki.png 1200w\" sizes=\"(max-width: 288px) 100vw, 288px\" \/><\/a>\n\t\t\t<\/div>\n\t\t\t\t<figcaption class='wp-caption-text gallery-caption' id='gallery-1-62'>\n\t\t\t\tZeytin Yag\u0306\u0131 Depolama Tank\u0131\n\t\t\t\t<\/figcaption><\/figure>\n\t\t<\/div>\n\n<\/div>\n<\/div><\/div><\/div><\/div><\/div>","protected":false},"excerpt":{"rendered":"<p>Arac\u0327 \u00dcstu\u0308 \u0130zoleli Su\u0308t Tas\u0327\u0131ma Tanklar\u0131 Lor Proses Tank\u0131 \u00c7ip Sistemi Su\u0308t Pis\u0327irme Kazan\u0131 Salc\u0327a Pastorize Tank\u0131 Ay \u00c7ic\u0327ek Stok Tank\u0131 Pekmez Stok Tank\u0131 Sog\u0306uk Su\u0308t Depolama Tank\u0131 Ayran Proses Tank\u0131 Zeytin Yag\u0306\u0131 Depolama Tank\u0131<\/p>\n","protected":false},"author":1,"featured_media":0,"parent":0,"menu_order":0,"comment_status":"closed","ping_status":"closed","template":"page-templates\/full-width.php","meta":[],"_links":{"self":[{"href":"http:\/\/farktekpaslanmaz.com\/index.php\/wp-json\/wp\/v2\/pages\/13"}],"collection":[{"href":"http:\/\/farktekpaslanmaz.com\/index.php\/wp-json\/wp\/v2\/pages"}],"about":[{"href":"http:\/\/farktekpaslanmaz.com\/index.php\/wp-json\/wp\/v2\/types\/page"}],"author":[{"embeddable":true,"href":"http:\/\/farktekpaslanmaz.com\/index.php\/wp-json\/wp\/v2\/users\/1"}],"replies":[{"embeddable":true,"href":"http:\/\/farktekpaslanmaz.com\/index.php\/wp-json\/wp\/v2\/comments?post=13"}],"version-history":[{"count":4,"href":"http:\/\/farktekpaslanmaz.com\/index.php\/wp-json\/wp\/v2\/pages\/13\/revisions"}],"predecessor-version":[{"id":79,"href":"http:\/\/farktekpaslanmaz.com\/index.php\/wp-json\/wp\/v2\/pages\/13\/revisions\/79"}],"wp:attachment":[{"href":"http:\/\/farktekpaslanmaz.com\/index.php\/wp-json\/wp\/v2\/media?parent=13"}],"curies":[{"name":"wp","href":"https:\/\/api.w.org\/{rel}","templated":true}]}}